{"id":598,"date":"2023-08-30T09:00:48","date_gmt":"2023-08-30T09:00:48","guid":{"rendered":"https:\/\/combiastyvideo.pl\/?page_id=598"},"modified":"2023-08-30T09:22:57","modified_gmt":"2023-08-30T09:22:57","slug":"sesje-narzeczenskie","status":"publish","type":"page","link":"https:\/\/combiastyvideo.pl\/index.php\/sesje-narzeczenskie\/","title":{"rendered":"Sesje Narzecze\u0144skie"},"content":{"rendered":"\n<div class=\"wp-block-cover is-light\" style=\"min-height:900px;aspect-ratio:unset;\"><span aria-hidden=\"true\" class=\"wp-block-cover__background has-white-background-color has-background-dim-60 has-background-dim\"><\/span><img loading=\"lazy\" decoding=\"async\" width=\"1000\" height=\"724\" class=\"wp-block-cover__image-background wp-image-359\" alt=\"\" src=\"http:\/\/combiastyvideo.pl\/wp-content\/uploads\/2023\/06\/1000_F_337300391_GdrlafxOUaetNcUKGpyXodpC9X1BFvzM-2.jpg\" data-object-fit=\"cover\" srcset=\"https:\/\/combiastyvideo.pl\/wp-content\/uploads\/2023\/06\/1000_F_337300391_GdrlafxOUaetNcUKGpyXodpC9X1BFvzM-2.jpg 1000w, https:\/\/combiastyvideo.pl\/wp-content\/uploads\/2023\/06\/1000_F_337300391_GdrlafxOUaetNcUKGpyXodpC9X1BFvzM-2-300x217.jpg 300w, https:\/\/combiastyvideo.pl\/wp-content\/uploads\/2023\/06\/1000_F_337300391_GdrlafxOUaetNcUKGpyXodpC9X1BFvzM-2-768x556.jpg 768w\" sizes=\"auto, (max-width: 1000px) 100vw, 1000px\" \/><div class=\"wp-block-cover__inner-container is-layout-flow wp-block-cover-is-layout-flow\">\n<p style=\"font-size:0px\"><\/p>\n\n\n\n<figure class=\"wp-block-pullquote\" style=\"border-width:21px\"><blockquote><p><strong>Sesje narzecze\u0144skie czyli przed\u015blubne s\u0105 dzi\u015b w modzie. Jedni decyduj\u0105 si\u0119 na sesj\u0119 narzecze\u0144sk\u0105 dlatego, \u017ce po prostu chc\u0105 mie\u0107 fajne zdj\u0119cia, kt\u00f3re upami\u0119tniaj\u0105 okres narzecze\u0144stwa, a inni z bardziej praktycznych powod\u00f3w jak np. prezent dla rodzic\u00f3w w ramach <a href=\"https:\/\/grzesiekkogut.pl\/podziekowania-dla-rodzicow\">podzi\u0119kowa\u0144<\/a> na weselu. Zdecydowana wi\u0119kszo\u015b\u0107 par m\u0142odych, kt\u00f3rych interesuje <a href=\"https:\/\/grzesiekkogut.pl\/\">fotografia \u015blubna<\/a> w moim wykonaniu jest tak\u017ce zdecydowana na udzia\u0142 w sesji narzecze\u0144skiej.<br>Ja traktuj\u0119 sesj\u0119 sesje narzecze\u0144skie jako szans\u0119 na poznanie si\u0119 z moimi klientami. Dzi\u0119ki temu w dniu \u015blubu nie jestem ju\u017c zupe\u0142nie obcym cz\u0142owiekiem dla Pary M\u0142odej, a kim\u015b komu mo\u017cna troch\u0119 bardziej zaufa\u0107 i da\u0107 si\u0119 pi\u0119knie sfotografowa\u0107 \ud83d\ude09<\/strong><\/p><\/blockquote><\/figure>\n\n\n<div class=\"wp-block-image\">\n<figure class=\"aligncenter size-large\"><img loading=\"lazy\" decoding=\"async\" width=\"1024\" height=\"683\" src=\"https:\/\/combiastyvideo.pl\/wp-content\/uploads\/2023\/08\/DSC04125-1024x683.jpg\" alt=\"\" class=\"wp-image-602\" srcset=\"https:\/\/combiastyvideo.pl\/wp-content\/uploads\/2023\/08\/DSC04125-1024x683.jpg 1024w, https:\/\/combiastyvideo.pl\/wp-content\/uploads\/2023\/08\/DSC04125-300x200.jpg 300w, https:\/\/combiastyvideo.pl\/wp-content\/uploads\/2023\/08\/DSC04125-768x512.jpg 768w, https:\/\/combiastyvideo.pl\/wp-content\/uploads\/2023\/08\/DSC04125-1536x1024.jpg 1536w, https:\/\/combiastyvideo.pl\/wp-content\/uploads\/2023\/08\/DSC04125-2048x1365.jpg 2048w, https:\/\/combiastyvideo.pl\/wp-content\/uploads\/2023\/08\/DSC04125-1620x1080.jpg 1620w\" sizes=\"auto, (max-width: 1024px) 100vw, 1024px\" \/><\/figure><\/div>\n\n\n<figure class=\"wp-block-pullquote\" style=\"border-width:21px\"><blockquote><p><strong>Warto wi\u0119c przyjrze\u0107 si\u0119 jej bli\u017cej. Jakie s\u0105 zalety sesji narzecze\u0144skiej?<br>Po pierwsze jest to fantastyczna pami\u0105tka z czas\u00f3w przed \u015blubem. Po drugie, co r\u00f3wnie wa\u017cne, jest to okazja, aby pozna\u0107 si\u0119 z Waszym \ud83d\udcf8&nbsp;fotografem \u015blubnym.<br>Dzi\u0119ki temu mo\u017cecie sprawdzi\u0107 jego styl pracy, ale te\u017c samemu oswoi\u0107 si\u0119 z obiektywem.<\/strong><br><\/p><\/blockquote><\/figure>\n<\/div><\/div>\n\n\n\n<p><\/p>\n\n\n<style>#jtg-603 .modula-item .jtg-social a, .lightbox-socials.jtg-social a{ fill: #ffffff; color: #ffffff }#jtg-603 .modula-item .jtg-social-expandable a, #jtg-603 .modula-item .jtg-social-expandable-icons a{ fill: #ffffff; color: #ffffff }#jtg-603 .modula-item .jtg-social svg, .lightbox-socials.jtg-social svg { height: 16px; width: 16px }#jtg-603 .modula-item .jtg-social-expandable svg { height: 16px; width: 16px }#jtg-603 .modula-item .jtg-social-expandable-icons svg { height: 16px; width: 16px }#jtg-603 .modula-item .jtg-social a:not(:last-child), .lightbox-socials.jtg-social a:not(:last-child) { margin-right: 10px }#jtg-603 .modula-item .jtg-social-expandable-icons { gap: 10px }#jtg-603 .modula-item .figc {color:#ffffff;}#jtg-603 .modula-item .modula-item-content { transform: scale(1); }#jtg-603 { width:100%;}#jtg-603 .modula-items{height:800px;}@media screen and (max-width: 992px) {#jtg-603 .modula-items{height:800px;}}@media screen and (max-width: 768px) {#jtg-603 .modula-items{height:800px;}}#jtg-603 .modula-items .figc p.description { font-size:14px; }#jtg-603 .modula-items .figc p.description { color:#ffffff;}#jtg-603.modula-gallery .modula-item > a, #jtg-603.modula-gallery .modula-item, #jtg-603.modula-gallery .modula-item-content > a:not(.modula-no-follow) { cursor:zoom-in; } #jtg-603.modula-gallery .modula-item-content .modula-no-follow { cursor: default; } @media screen and (max-width:480px){#jtg-603 .modula-item .figc .jtg-title {  font-size: 12px; }#jtg-603 .modula-items .figc p.description { color:#ffffff;font-size:10px; }}<\/style>\n<div  id=\"jtg-603\" class=\"modula modula-gallery modula-creative-gallery\" data-config=\"{&quot;height&quot;:800,&quot;tabletHeight&quot;:800,&quot;mobileHeight&quot;:800,&quot;desktopHeight&quot;:800,&quot;enableTwitter&quot;:false,&quot;enableWhatsapp&quot;:false,&quot;enableFacebook&quot;:false,&quot;enablePinterest&quot;:false,&quot;enableLinkedin&quot;:false,&quot;enableEmail&quot;:false,&quot;randomFactor&quot;:0.5,&quot;type&quot;:&quot;creative-gallery&quot;,&quot;columns&quot;:12,&quot;gutter&quot;:10,&quot;mobileGutter&quot;:10,&quot;tabletGutter&quot;:10,&quot;desktopGutter&quot;:10,&quot;enableResponsive&quot;:&quot;0&quot;,&quot;tabletColumns&quot;:2,&quot;mobileColumns&quot;:1,&quot;lazyLoad&quot;:0,&quot;lightboxOpts&quot;:{&quot;animated&quot;:true,&quot;Thumbs&quot;:{&quot;type&quot;:&quot;modern&quot;,&quot;showOnStart&quot;:false},&quot;Toolbar&quot;:{&quot;display&quot;:{&quot;right&quot;:[&quot;close&quot;]},&quot;enabled&quot;:true},&quot;Carousel&quot;:{&quot;Panzoom&quot;:{&quot;touch&quot;:false},&quot;infinite&quot;:false},&quot;keyboard&quot;:{&quot;Escape&quot;:&quot;close&quot;,&quot;Delete&quot;:&quot;close&quot;,&quot;Backspace&quot;:&quot;close&quot;,&quot;PageUp&quot;:false,&quot;PageDown&quot;:false,&quot;ArrowUp&quot;:false,&quot;ArrowDown&quot;:false,&quot;ArrowRight&quot;:false,&quot;ArrowLeft&quot;:false},&quot;touch&quot;:false,&quot;backdropClick&quot;:false,&quot;l10n&quot;:{&quot;CLOSE&quot;:&quot;Zamknij&quot;,&quot;NEXT&quot;:&quot;Nast\\u0119pny&quot;,&quot;PREV&quot;:&quot;Poprzedni&quot;,&quot;Error&quot;:&quot;Nie mo\\u017cna wczyta\\u0107 \\u017c\\u0105danej tre\\u015bci. Spr\\u00f3buj ponownie p\\u00f3\\u017aniej.&quot;,&quot;PLAY_START&quot;:&quot;Rozpocznij pokaz slajd\\u00f3w&quot;,&quot;PLAY_STOP&quot;:&quot;Zatrzymaj pokaz slajd\\u00f3w&quot;,&quot;FULL_SCREEN&quot;:&quot;Pe\\u0142ny ekran&quot;,&quot;THUMBS&quot;:&quot;Miniaturki&quot;,&quot;DOWNLOAD&quot;:&quot;Pobieranie&quot;,&quot;SHARE&quot;:&quot;Udost\\u0119pnij&quot;,&quot;ZOOM&quot;:&quot;Powi\\u0119kszenie&quot;,&quot;EMAIL&quot;:&quot;Oto odno\\u015bnik do obrazka: %%image_link%%, a oto odno\\u015bnik do galerii: %%gallery_link%%&quot;,&quot;MODAL&quot;:&quot;Mo\\u017cesz zamkn\\u0105\\u0107 t\\u0119 zawarto\\u015b\\u0107 okna modalnego za pomoc\\u0105 klawisza ESC&quot;,&quot;ERROR&quot;:&quot;Co\\u015b posz\\u0142o nie tak. Spr\\u00f3buj ponownie p\\u00f3\\u017aniej&quot;,&quot;IMAGE_ERROR&quot;:&quot;Nie znaleziono obrazka&quot;,&quot;ELEMENT_NOT_FOUND&quot;:&quot;Nie znaleziono elementu HTML&quot;,&quot;AJAX_NOT_FOUND&quot;:&quot;B\\u0142\\u0105d wczytywania AJAX: Nie znaleziono&quot;,&quot;AJAX_FORBIDDEN&quot;:&quot;B\\u0142\\u0105d wczytywania AJAX: Zabronione&quot;,&quot;IFRAME_ERROR&quot;:&quot;B\\u0142\\u0105d wczytywania strony&quot;,&quot;TOGGLE_ZOOM&quot;:&quot;Prze\\u0142\\u0105cz poziom powi\\u0119kszenia&quot;,&quot;TOGGLE_THUMBS&quot;:&quot;Prze\\u0142\\u0105cz miniaturki&quot;,&quot;TOGGLE_SLIDESHOW&quot;:&quot;Prze\\u0142\\u0105cz pokaz slajd\\u00f3w&quot;,&quot;TOGGLE_FULLSCREEN&quot;:&quot;Prze\\u0142\\u0105cz tryb pe\\u0142noekranowy&quot;},&quot;Images&quot;:{&quot;Panzoom&quot;:{&quot;maxScale&quot;:2}},&quot;mainClass&quot;:&quot;modula-fancybox-container modula-lightbox-jtg-603&quot;,&quot;Html&quot;:{&quot;videoAutoplay&quot;:0,&quot;videoTpl&quot;:&quot;&lt;video class=\\&quot;fancybox__html5video\\&quot; controls muted playsinline controlsList controlsList=\\&quot;nodownload\\&quot; poster=\\&quot;{{poster}}\\&quot; src=\\&quot;{{src}}\\&quot; type=\\&quot;{{format}}\\&quot; &gt;  Sorry, your browser doesn&#039;t support embedded videos, &lt;a href=\\&quot;{{src}}\\&quot;&gt; download &lt;\\\/a&gt; and watch with your favorite video player! &lt;\\\/video&gt;&quot;}},&quot;inView&quot;:false,&quot;email_subject&quot;:&quot;Sprawd\\u017a ten niesamowity obrazek!&quot;,&quot;email_message&quot;:&quot;Oto odno\\u015bnik do obrazku: %%image_link%%, a to odno\\u015bnik do galerii: %%gallery_link%%&quot;,&quot;lightbox&quot;:&quot;fancybox&quot;}\">\n\n\t\n\t<div  class=\"modula-items\">\n\t\t<div class=\"modula-item effect-pufrobo\" >\n\t<div class=\"modula-item-overlay\"><\/div>\n\n\t<div class=\"modula-item-content\">\n\n\t\t\t\t\n\t\t\t\t\t<a data-image-id=\"604\" role=\"button\" tabindex=\"0\" rel=\"jtg-603\" data-caption=\"\" aria-label=\"Otw\u00f3rz obrazek w lightboxie\" class=\"tile-inner modula-item-link\"><\/a>\n\t\t\n\t\t<img loading=\"lazy\" decoding=\"async\" class=\"pic wp-image-604\"  data-valign=\"middle\" data-halign=\"center\" alt=\"\" data-full=\"https:\/\/combiastyvideo.pl\/wp-content\/uploads\/2023\/08\/DSC04038.jpg\" title=\"DSC04038\" width=\"300\" height=\"200\" src=\"https:\/\/combiastyvideo.pl\/wp-content\/uploads\/2023\/08\/DSC04038-300x200.jpg\" data-src=\"https:\/\/combiastyvideo.pl\/wp-content\/uploads\/2023\/08\/DSC04038-300x200.jpg\" data-caption=\"\" srcset=\"https:\/\/combiastyvideo.pl\/wp-content\/uploads\/2023\/08\/DSC04038-scaled.jpg 2560w, https:\/\/combiastyvideo.pl\/wp-content\/uploads\/2023\/08\/DSC04038-scaled-300x200.jpg 300w, https:\/\/combiastyvideo.pl\/wp-content\/uploads\/2023\/08\/DSC04038-1024x683.jpg 1024w, https:\/\/combiastyvideo.pl\/wp-content\/uploads\/2023\/08\/DSC04038-768x512.jpg 768w, https:\/\/combiastyvideo.pl\/wp-content\/uploads\/2023\/08\/DSC04038-1536x1024.jpg 1536w, https:\/\/combiastyvideo.pl\/wp-content\/uploads\/2023\/08\/DSC04038-2048x1365.jpg 2048w, https:\/\/combiastyvideo.pl\/wp-content\/uploads\/2023\/08\/DSC04038-1620x1080.jpg 1620w\" sizes=\"auto, (max-width: 300px) 100vw, 300px\" \/>\n\t\t<div class=\"figc no-description\">\n\t\t\t<div class=\"figc-inner\">\n\t\t\t\t\t\t\t\t\t\t\t\t\t\t\t<\/div>\n\t\t<\/div>\n\n\t<\/div>\n\n<\/div><div class=\"modula-item effect-pufrobo\" >\n\t<div class=\"modula-item-overlay\"><\/div>\n\n\t<div class=\"modula-item-content\">\n\n\t\t\t\t\n\t\t\t\t\t<a data-image-id=\"605\" role=\"button\" tabindex=\"0\" rel=\"jtg-603\" data-caption=\"\" aria-label=\"Otw\u00f3rz obrazek w lightboxie\" class=\"tile-inner modula-item-link\"><\/a>\n\t\t\n\t\t<img loading=\"lazy\" decoding=\"async\" class=\"pic wp-image-605\"  data-valign=\"middle\" data-halign=\"center\" alt=\"\" data-full=\"https:\/\/combiastyvideo.pl\/wp-content\/uploads\/2023\/08\/DSC04125-1.jpg\" title=\"DSC04125\" width=\"300\" height=\"200\" src=\"https:\/\/combiastyvideo.pl\/wp-content\/uploads\/2023\/08\/DSC04125-1-300x200.jpg\" data-src=\"https:\/\/combiastyvideo.pl\/wp-content\/uploads\/2023\/08\/DSC04125-1-300x200.jpg\" data-caption=\"\" srcset=\"https:\/\/combiastyvideo.pl\/wp-content\/uploads\/2023\/08\/DSC04125-1-scaled.jpg 2560w, https:\/\/combiastyvideo.pl\/wp-content\/uploads\/2023\/08\/DSC04125-1-scaled-300x200.jpg 300w, https:\/\/combiastyvideo.pl\/wp-content\/uploads\/2023\/08\/DSC04125-1-1024x683.jpg 1024w, https:\/\/combiastyvideo.pl\/wp-content\/uploads\/2023\/08\/DSC04125-1-768x512.jpg 768w, https:\/\/combiastyvideo.pl\/wp-content\/uploads\/2023\/08\/DSC04125-1-1536x1024.jpg 1536w, https:\/\/combiastyvideo.pl\/wp-content\/uploads\/2023\/08\/DSC04125-1-2048x1365.jpg 2048w, https:\/\/combiastyvideo.pl\/wp-content\/uploads\/2023\/08\/DSC04125-1-1620x1080.jpg 1620w\" sizes=\"auto, (max-width: 300px) 100vw, 300px\" \/>\n\t\t<div class=\"figc no-description\">\n\t\t\t<div class=\"figc-inner\">\n\t\t\t\t\t\t\t\t\t\t\t\t\t\t\t<\/div>\n\t\t<\/div>\n\n\t<\/div>\n\n<\/div><div class=\"modula-item effect-pufrobo\" >\n\t<div class=\"modula-item-overlay\"><\/div>\n\n\t<div class=\"modula-item-content\">\n\n\t\t\t\t\n\t\t\t\t\t<a data-image-id=\"606\" role=\"button\" tabindex=\"0\" rel=\"jtg-603\" data-caption=\"\" aria-label=\"Otw\u00f3rz obrazek w lightboxie\" class=\"tile-inner modula-item-link\"><\/a>\n\t\t\n\t\t<img loading=\"lazy\" decoding=\"async\" class=\"pic wp-image-606\"  data-valign=\"middle\" data-halign=\"center\" alt=\"\" data-full=\"https:\/\/combiastyvideo.pl\/wp-content\/uploads\/2023\/08\/DSC04188.jpg\" title=\"DSC04188\" width=\"300\" height=\"226\" src=\"https:\/\/combiastyvideo.pl\/wp-content\/uploads\/2023\/08\/DSC04188-300x226.jpg\" data-src=\"https:\/\/combiastyvideo.pl\/wp-content\/uploads\/2023\/08\/DSC04188-300x226.jpg\" data-caption=\"\" srcset=\"https:\/\/combiastyvideo.pl\/wp-content\/uploads\/2023\/08\/DSC04188-scaled.jpg 2560w, https:\/\/combiastyvideo.pl\/wp-content\/uploads\/2023\/08\/DSC04188-scaled-300x226.jpg 300w, https:\/\/combiastyvideo.pl\/wp-content\/uploads\/2023\/08\/DSC04188-1024x770.jpg 1024w, https:\/\/combiastyvideo.pl\/wp-content\/uploads\/2023\/08\/DSC04188-768x577.jpg 768w, https:\/\/combiastyvideo.pl\/wp-content\/uploads\/2023\/08\/DSC04188-1536x1155.jpg 1536w, https:\/\/combiastyvideo.pl\/wp-content\/uploads\/2023\/08\/DSC04188-2048x1540.jpg 2048w, https:\/\/combiastyvideo.pl\/wp-content\/uploads\/2023\/08\/DSC04188-1436x1080.jpg 1436w\" sizes=\"auto, (max-width: 300px) 100vw, 300px\" \/>\n\t\t<div class=\"figc no-description\">\n\t\t\t<div class=\"figc-inner\">\n\t\t\t\t\t\t\t\t\t\t\t\t\t\t\t<\/div>\n\t\t<\/div>\n\n\t<\/div>\n\n<\/div><div class=\"modula-item effect-pufrobo\" >\n\t<div class=\"modula-item-overlay\"><\/div>\n\n\t<div class=\"modula-item-content\">\n\n\t\t\t\t\n\t\t\t\t\t<a data-image-id=\"607\" role=\"button\" tabindex=\"0\" rel=\"jtg-603\" data-caption=\"\" aria-label=\"Otw\u00f3rz obrazek w lightboxie\" class=\"tile-inner modula-item-link\"><\/a>\n\t\t\n\t\t<img loading=\"lazy\" decoding=\"async\" class=\"pic wp-image-607\"  data-valign=\"middle\" data-halign=\"center\" alt=\"\" data-full=\"https:\/\/combiastyvideo.pl\/wp-content\/uploads\/2023\/08\/DSC04258-2.jpg\" title=\"DSC04258-2\" width=\"300\" height=\"259\" src=\"https:\/\/combiastyvideo.pl\/wp-content\/uploads\/2023\/08\/DSC04258-2-300x259.jpg\" data-src=\"https:\/\/combiastyvideo.pl\/wp-content\/uploads\/2023\/08\/DSC04258-2-300x259.jpg\" data-caption=\"\" srcset=\"https:\/\/combiastyvideo.pl\/wp-content\/uploads\/2023\/08\/DSC04258-2-scaled.jpg 2560w, https:\/\/combiastyvideo.pl\/wp-content\/uploads\/2023\/08\/DSC04258-2-scaled-300x259.jpg 300w, https:\/\/combiastyvideo.pl\/wp-content\/uploads\/2023\/08\/DSC04258-2-1024x882.jpg 1024w, https:\/\/combiastyvideo.pl\/wp-content\/uploads\/2023\/08\/DSC04258-2-768x662.jpg 768w, https:\/\/combiastyvideo.pl\/wp-content\/uploads\/2023\/08\/DSC04258-2-1536x1324.jpg 1536w, https:\/\/combiastyvideo.pl\/wp-content\/uploads\/2023\/08\/DSC04258-2-2048x1765.jpg 2048w, https:\/\/combiastyvideo.pl\/wp-content\/uploads\/2023\/08\/DSC04258-2-1253x1080.jpg 1253w\" sizes=\"auto, (max-width: 300px) 100vw, 300px\" \/>\n\t\t<div class=\"figc no-description\">\n\t\t\t<div class=\"figc-inner\">\n\t\t\t\t\t\t\t\t\t\t\t\t\t\t\t<\/div>\n\t\t<\/div>\n\n\t<\/div>\n\n<\/div><div class=\"modula-item effect-pufrobo\" >\n\t<div class=\"modula-item-overlay\"><\/div>\n\n\t<div class=\"modula-item-content\">\n\n\t\t\t\t\n\t\t\t\t\t<a data-image-id=\"782\" role=\"button\" tabindex=\"0\" rel=\"jtg-603\" data-caption=\"\" aria-label=\"Otw\u00f3rz obrazek w lightboxie\" class=\"tile-inner modula-item-link\"><\/a>\n\t\t\n\t\t<img loading=\"lazy\" decoding=\"async\" class=\"pic wp-image-782\"  data-valign=\"middle\" data-halign=\"center\" alt=\"\" data-full=\"https:\/\/combiastyvideo.pl\/wp-content\/uploads\/2024\/07\/DJI_0262_1.jpg\" title=\"DJI_0262_1\" width=\"300\" height=\"225\" src=\"https:\/\/combiastyvideo.pl\/wp-content\/uploads\/2024\/07\/DJI_0262_1-300x225.jpg\" data-src=\"https:\/\/combiastyvideo.pl\/wp-content\/uploads\/2024\/07\/DJI_0262_1-300x225.jpg\" data-caption=\"\" srcset=\"https:\/\/combiastyvideo.pl\/wp-content\/uploads\/2024\/07\/DJI_0262_1-scaled.jpg 2560w, https:\/\/combiastyvideo.pl\/wp-content\/uploads\/2024\/07\/DJI_0262_1-scaled-300x225.jpg 300w, https:\/\/combiastyvideo.pl\/wp-content\/uploads\/2024\/07\/DJI_0262_1-1024x768.jpg 1024w, https:\/\/combiastyvideo.pl\/wp-content\/uploads\/2024\/07\/DJI_0262_1-768x576.jpg 768w, https:\/\/combiastyvideo.pl\/wp-content\/uploads\/2024\/07\/DJI_0262_1-1536x1152.jpg 1536w, https:\/\/combiastyvideo.pl\/wp-content\/uploads\/2024\/07\/DJI_0262_1-2048x1536.jpg 2048w, https:\/\/combiastyvideo.pl\/wp-content\/uploads\/2024\/07\/DJI_0262_1-1440x1080.jpg 1440w\" sizes=\"auto, (max-width: 300px) 100vw, 300px\" \/>\n\t\t<div class=\"figc no-description\">\n\t\t\t<div class=\"figc-inner\">\n\t\t\t\t\t\t\t\t\t\t\t\t\t\t\t<\/div>\n\t\t<\/div>\n\n\t<\/div>\n\n<\/div><div class=\"modula-item effect-pufrobo\" >\n\t<div class=\"modula-item-overlay\"><\/div>\n\n\t<div class=\"modula-item-content\">\n\n\t\t\t\t\n\t\t\t\t\t<a data-image-id=\"783\" role=\"button\" tabindex=\"0\" rel=\"jtg-603\" data-caption=\"\" aria-label=\"Otw\u00f3rz obrazek w lightboxie\" class=\"tile-inner modula-item-link\"><\/a>\n\t\t\n\t\t<img loading=\"lazy\" decoding=\"async\" class=\"pic wp-image-783\"  data-valign=\"middle\" data-halign=\"center\" alt=\"\" data-full=\"https:\/\/combiastyvideo.pl\/wp-content\/uploads\/2024\/07\/DSC08700.jpg\" title=\"DSC08700\" width=\"200\" height=\"300\" src=\"https:\/\/combiastyvideo.pl\/wp-content\/uploads\/2024\/07\/DSC08700-200x300.jpg\" data-src=\"https:\/\/combiastyvideo.pl\/wp-content\/uploads\/2024\/07\/DSC08700-200x300.jpg\" data-caption=\"\" srcset=\"https:\/\/combiastyvideo.pl\/wp-content\/uploads\/2024\/07\/DSC08700-scaled.jpg 1706w, https:\/\/combiastyvideo.pl\/wp-content\/uploads\/2024\/07\/DSC08700-scaled-200x300.jpg 200w, https:\/\/combiastyvideo.pl\/wp-content\/uploads\/2024\/07\/DSC08700-683x1024.jpg 683w, https:\/\/combiastyvideo.pl\/wp-content\/uploads\/2024\/07\/DSC08700-768x1152.jpg 768w, https:\/\/combiastyvideo.pl\/wp-content\/uploads\/2024\/07\/DSC08700-1024x1536.jpg 1024w, https:\/\/combiastyvideo.pl\/wp-content\/uploads\/2024\/07\/DSC08700-1365x2048.jpg 1365w, https:\/\/combiastyvideo.pl\/wp-content\/uploads\/2024\/07\/DSC08700-720x1080.jpg 720w\" sizes=\"auto, (max-width: 200px) 100vw, 200px\" \/>\n\t\t<div class=\"figc no-description\">\n\t\t\t<div class=\"figc-inner\">\n\t\t\t\t\t\t\t\t\t\t\t\t\t\t\t<\/div>\n\t\t<\/div>\n\n\t<\/div>\n\n<\/div><div class=\"modula-item effect-pufrobo\" >\n\t<div class=\"modula-item-overlay\"><\/div>\n\n\t<div class=\"modula-item-content\">\n\n\t\t\t\t\n\t\t\t\t\t<a data-image-id=\"785\" role=\"button\" tabindex=\"0\" rel=\"jtg-603\" data-caption=\"\" aria-label=\"Otw\u00f3rz obrazek w lightboxie\" class=\"tile-inner modula-item-link\"><\/a>\n\t\t\n\t\t<img loading=\"lazy\" decoding=\"async\" class=\"pic wp-image-785\"  data-valign=\"middle\" data-halign=\"center\" alt=\"\" data-full=\"https:\/\/combiastyvideo.pl\/wp-content\/uploads\/2024\/07\/DSC08879-1.jpg\" title=\"DSC08879\" width=\"300\" height=\"200\" src=\"https:\/\/combiastyvideo.pl\/wp-content\/uploads\/2024\/07\/DSC08879-1-300x200.jpg\" data-src=\"https:\/\/combiastyvideo.pl\/wp-content\/uploads\/2024\/07\/DSC08879-1-300x200.jpg\" data-caption=\"\" srcset=\"https:\/\/combiastyvideo.pl\/wp-content\/uploads\/2024\/07\/DSC08879-1-scaled.jpg 2560w, https:\/\/combiastyvideo.pl\/wp-content\/uploads\/2024\/07\/DSC08879-1-scaled-300x200.jpg 300w, https:\/\/combiastyvideo.pl\/wp-content\/uploads\/2024\/07\/DSC08879-1-1024x683.jpg 1024w, https:\/\/combiastyvideo.pl\/wp-content\/uploads\/2024\/07\/DSC08879-1-768x512.jpg 768w, https:\/\/combiastyvideo.pl\/wp-content\/uploads\/2024\/07\/DSC08879-1-1536x1024.jpg 1536w, https:\/\/combiastyvideo.pl\/wp-content\/uploads\/2024\/07\/DSC08879-1-2048x1365.jpg 2048w, https:\/\/combiastyvideo.pl\/wp-content\/uploads\/2024\/07\/DSC08879-1-1620x1080.jpg 1620w\" sizes=\"auto, (max-width: 300px) 100vw, 300px\" \/>\n\t\t<div class=\"figc no-description\">\n\t\t\t<div class=\"figc-inner\">\n\t\t\t\t\t\t\t\t\t\t\t\t\t\t\t<\/div>\n\t\t<\/div>\n\n\t<\/div>\n\n<\/div>\t\t\n\t<\/div>\n\n\t\n\t\n\t<script type=\"application\/ld+json\">\n\t{\n\t\t\"@context\": \"http:\/\/schema.org\",\n\t\t\"@type\"   : \"ImageGallery\",\n\t\t\"id\"      : \"https:\/\/combiastyvideo.pl\/index.php\/sesje-narzeczenskie\/\",\n\t\t\"url\"     : \"https:\/\/combiastyvideo.pl\/index.php\/sesje-narzeczenskie\/\"\n\t}\n\n\t<\/script>\n\n\t\n<\/div>\n","protected":false},"excerpt":{"rendered":"","protected":false},"author":1,"featured_media":0,"parent":0,"menu_order":0,"comment_status":"closed","ping_status":"closed","template":"","meta":{"footnotes":""},"class_list":["post-598","page","type-page","status-publish","hentry"],"_links":{"self":[{"href":"https:\/\/combiastyvideo.pl\/index.php\/wp-json\/wp\/v2\/pages\/598","targetHints":{"allow":["GET"]}}],"collection":[{"href":"https:\/\/combiastyvideo.pl\/index.php\/wp-json\/wp\/v2\/pages"}],"about":[{"href":"https:\/\/combiastyvideo.pl\/index.php\/wp-json\/wp\/v2\/types\/page"}],"author":[{"embeddable":true,"href":"https:\/\/combiastyvideo.pl\/index.php\/wp-json\/wp\/v2\/users\/1"}],"replies":[{"embeddable":true,"href":"https:\/\/combiastyvideo.pl\/index.php\/wp-json\/wp\/v2\/comments?post=598"}],"version-history":[{"count":5,"href":"https:\/\/combiastyvideo.pl\/index.php\/wp-json\/wp\/v2\/pages\/598\/revisions"}],"predecessor-version":[{"id":614,"href":"https:\/\/combiastyvideo.pl\/index.php\/wp-json\/wp\/v2\/pages\/598\/revisions\/614"}],"wp:attachment":[{"href":"https:\/\/combiastyvideo.pl\/index.php\/wp-json\/wp\/v2\/media?parent=598"}],"curies":[{"name":"wp","href":"https:\/\/api.w.org\/{rel}","templated":true}]}}