{"id":125,"date":"2023-06-23T16:40:41","date_gmt":"2023-06-23T16:40:41","guid":{"rendered":"https:\/\/combiastyvideo.pl\/?page_id=125"},"modified":"2025-11-18T19:13:59","modified_gmt":"2025-11-18T19:13:59","slug":"fotografia-slubna","status":"publish","type":"page","link":"https:\/\/combiastyvideo.pl\/index.php\/fotografia-slubna\/","title":{"rendered":"FOTOGRAFIA \u015aLUBNA"},"content":{"rendered":"\n<div class=\"wp-block-cover is-light\" style=\"min-height:919px;aspect-ratio:unset;\"><span aria-hidden=\"true\" class=\"wp-block-cover__background has-white-background-color has-background-dim-60 has-background-dim\"><\/span><img loading=\"lazy\" decoding=\"async\" width=\"1000\" height=\"724\" class=\"wp-block-cover__image-background wp-image-358\" alt=\"\" src=\"https:\/\/combiastyvideo.pl\/wp-content\/uploads\/2023\/06\/1000_F_337300391_GdrlafxOUaetNcUKGpyXodpC9X1BFvzM-1.jpg\" style=\"object-position:100% 56%\" data-object-fit=\"cover\" data-object-position=\"100% 56%\" srcset=\"https:\/\/combiastyvideo.pl\/wp-content\/uploads\/2023\/06\/1000_F_337300391_GdrlafxOUaetNcUKGpyXodpC9X1BFvzM-1.jpg 1000w, https:\/\/combiastyvideo.pl\/wp-content\/uploads\/2023\/06\/1000_F_337300391_GdrlafxOUaetNcUKGpyXodpC9X1BFvzM-1-300x217.jpg 300w, https:\/\/combiastyvideo.pl\/wp-content\/uploads\/2023\/06\/1000_F_337300391_GdrlafxOUaetNcUKGpyXodpC9X1BFvzM-1-768x556.jpg 768w\" sizes=\"auto, (max-width: 1000px) 100vw, 1000px\" \/><div class=\"wp-block-cover__inner-container is-layout-flow wp-block-cover-is-layout-flow\">\n<figure class=\"wp-block-pullquote\" style=\"border-width:21px;border-radius:0px\"><blockquote><p><strong>Do&nbsp;zdj\u0119\u0107 ze&nbsp;\u015blubu i&nbsp;wesela wracamy w&nbsp;\u017cyciu najcz\u0119\u015bciej. Zazwyczaj stanowi\u0105 jedn\u0105 z&nbsp;najcenniejszych rodzinnych pami\u0105tek. Te&nbsp;najlepsze, nawet z&nbsp;up\u0142ywem lat nieustannie zachwycaj\u0105 i&nbsp;przywo\u0142uj\u0105 nie tylko wydarzenia, ale te\u017c prawdziwe emocje. Je\u015bli tego samego chcecie dla siebie, dobry&nbsp;fotograf na&nbsp;wesele&nbsp;to&nbsp;podstawa. By\u0107 mo\u017ce wsp\u00f3lnie zatrzymamy w&nbsp;czasie histori\u0119 Waszej mi\u0142o\u015bci.<\/strong><\/p><\/blockquote><\/figure>\n\n\n<div class=\"wp-block-image\">\n<figure class=\"aligncenter size-large\"><img loading=\"lazy\" decoding=\"async\" width=\"1024\" height=\"642\" src=\"http:\/\/combiastyvideo.pl\/wp-content\/uploads\/2023\/06\/DSC07890-1024x642.jpg\" alt=\"\" class=\"wp-image-201\" srcset=\"https:\/\/combiastyvideo.pl\/wp-content\/uploads\/2023\/06\/DSC07890-1024x642.jpg 1024w, https:\/\/combiastyvideo.pl\/wp-content\/uploads\/2023\/06\/DSC07890-300x188.jpg 300w, https:\/\/combiastyvideo.pl\/wp-content\/uploads\/2023\/06\/DSC07890-768x481.jpg 768w, https:\/\/combiastyvideo.pl\/wp-content\/uploads\/2023\/06\/DSC07890-1536x962.jpg 1536w, https:\/\/combiastyvideo.pl\/wp-content\/uploads\/2023\/06\/DSC07890-2048x1283.jpg 2048w, https:\/\/combiastyvideo.pl\/wp-content\/uploads\/2023\/06\/DSC07890-1724x1080.jpg 1724w\" sizes=\"auto, (max-width: 1024px) 100vw, 1024px\" \/><\/figure><\/div>\n\n<div class=\"wp-block-image\">\n<figure class=\"aligncenter size-large\"><img loading=\"lazy\" decoding=\"async\" width=\"1024\" height=\"683\" src=\"https:\/\/combiastyvideo.pl\/wp-content\/uploads\/2023\/09\/fot1-1024x683.jpg\" alt=\"\" class=\"wp-image-621\" srcset=\"https:\/\/combiastyvideo.pl\/wp-content\/uploads\/2023\/09\/fot1-1024x683.jpg 1024w, https:\/\/combiastyvideo.pl\/wp-content\/uploads\/2023\/09\/fot1-300x200.jpg 300w, https:\/\/combiastyvideo.pl\/wp-content\/uploads\/2023\/09\/fot1-768x512.jpg 768w, https:\/\/combiastyvideo.pl\/wp-content\/uploads\/2023\/09\/fot1-1536x1024.jpg 1536w, https:\/\/combiastyvideo.pl\/wp-content\/uploads\/2023\/09\/fot1-2048x1365.jpg 2048w, https:\/\/combiastyvideo.pl\/wp-content\/uploads\/2023\/09\/fot1-1620x1080.jpg 1620w\" sizes=\"auto, (max-width: 1024px) 100vw, 1024px\" \/><\/figure><\/div>\n\n\n<p class=\"has-text-align-center has-large-font-size\"><\/p>\n<\/div><\/div>\n\n\n\n<div class=\"wp-block-cover is-light\" style=\"min-height:1185px;aspect-ratio:unset;\"><span aria-hidden=\"true\" class=\"wp-block-cover__background has-white-background-color has-background-dim-60 has-background-dim\"><\/span><img loading=\"lazy\" decoding=\"async\" width=\"1000\" height=\"724\" class=\"wp-block-cover__image-background wp-image-358\" alt=\"\" src=\"http:\/\/combiastyvideo.pl\/wp-content\/uploads\/2023\/06\/1000_F_337300391_GdrlafxOUaetNcUKGpyXodpC9X1BFvzM-1.jpg\" style=\"object-position:100% 52%\" data-object-fit=\"cover\" data-object-position=\"100% 52%\" srcset=\"https:\/\/combiastyvideo.pl\/wp-content\/uploads\/2023\/06\/1000_F_337300391_GdrlafxOUaetNcUKGpyXodpC9X1BFvzM-1.jpg 1000w, https:\/\/combiastyvideo.pl\/wp-content\/uploads\/2023\/06\/1000_F_337300391_GdrlafxOUaetNcUKGpyXodpC9X1BFvzM-1-300x217.jpg 300w, https:\/\/combiastyvideo.pl\/wp-content\/uploads\/2023\/06\/1000_F_337300391_GdrlafxOUaetNcUKGpyXodpC9X1BFvzM-1-768x556.jpg 768w\" sizes=\"auto, (max-width: 1000px) 100vw, 1000px\" \/><div class=\"wp-block-cover__inner-container is-layout-flow wp-block-cover-is-layout-flow\">\n<figure class=\"wp-block-pullquote\" style=\"border-width:21px\"><blockquote><p><strong>Pe\u0142ne emocji przygotowania, ceremonia \u015blubu, a\u017c wreszcie \u017cywio\u0142owe przyj\u0119cie weselne s\u0105 czasem, na kt\u00f3ry czekacie wiele miesi\u0119cy, a mijaj\u0105, jak mgnienie oka.&nbsp;Fotograf \u015blubny&nbsp;jest obserwatorem i storytellerem. Tworzymy opowie\u015b\u0107, nie ingerujemy w Wasze plany i nie kreuje rzeczywisto\u015bci. Najwa\u017cniejszym kryterium przy wyborze fotografa jest&nbsp;spos\u00f3b patrzenia.&nbsp;To w\u0142a\u015bnie ten aspekt powoduje, \u017ce zdj\u0119cia wpadaj\u0105 Wam w oko! Fotografia w naszym wykonaniu pokazuje Was takimi jakimi jeste\u015bcie w spos\u00f3b nie wymuszony i naturalny. Ka\u017cdy cz\u0142owiek jest pi\u0119kny i posiada swoj\u0105 niepowtarzaln\u0105 osobowo\u015b\u0107 i temperament. Zobacz koniecznie&nbsp;PORTFOLIO!<\/strong><\/p><\/blockquote><\/figure>\n\n\n<div class=\"wp-block-image\">\n<figure class=\"aligncenter size-large\"><img loading=\"lazy\" decoding=\"async\" width=\"1024\" height=\"683\" src=\"http:\/\/combiastyvideo.pl\/wp-content\/uploads\/2023\/06\/DSC08764-1024x683.jpg\" alt=\"\" class=\"wp-image-326\" srcset=\"https:\/\/combiastyvideo.pl\/wp-content\/uploads\/2023\/06\/DSC08764-1024x683.jpg 1024w, https:\/\/combiastyvideo.pl\/wp-content\/uploads\/2023\/06\/DSC08764-300x200.jpg 300w, https:\/\/combiastyvideo.pl\/wp-content\/uploads\/2023\/06\/DSC08764-768x512.jpg 768w, https:\/\/combiastyvideo.pl\/wp-content\/uploads\/2023\/06\/DSC08764-1536x1024.jpg 1536w, https:\/\/combiastyvideo.pl\/wp-content\/uploads\/2023\/06\/DSC08764-2048x1365.jpg 2048w, https:\/\/combiastyvideo.pl\/wp-content\/uploads\/2023\/06\/DSC08764-1620x1080.jpg 1620w\" sizes=\"auto, (max-width: 1024px) 100vw, 1024px\" \/><\/figure><\/div>\n\n<div class=\"wp-block-image\">\n<figure class=\"aligncenter size-large\"><img loading=\"lazy\" decoding=\"async\" width=\"1024\" height=\"760\" src=\"https:\/\/combiastyvideo.pl\/wp-content\/uploads\/2023\/09\/DSC03267-1024x760.jpg\" alt=\"\" class=\"wp-image-623\" srcset=\"https:\/\/combiastyvideo.pl\/wp-content\/uploads\/2023\/09\/DSC03267-1024x760.jpg 1024w, https:\/\/combiastyvideo.pl\/wp-content\/uploads\/2023\/09\/DSC03267-300x223.jpg 300w, https:\/\/combiastyvideo.pl\/wp-content\/uploads\/2023\/09\/DSC03267-768x570.jpg 768w, https:\/\/combiastyvideo.pl\/wp-content\/uploads\/2023\/09\/DSC03267-1536x1139.jpg 1536w, https:\/\/combiastyvideo.pl\/wp-content\/uploads\/2023\/09\/DSC03267-2048x1519.jpg 2048w, https:\/\/combiastyvideo.pl\/wp-content\/uploads\/2023\/09\/DSC03267-1456x1080.jpg 1456w\" sizes=\"auto, (max-width: 1024px) 100vw, 1024px\" \/><\/figure><\/div>\n\n\n<p class=\"has-text-align-center has-large-font-size\"><\/p>\n<\/div><\/div>\n\n\n\n<div class=\"wp-block-cover is-light\" style=\"min-height:1130px;aspect-ratio:unset;\"><span aria-hidden=\"true\" class=\"wp-block-cover__background has-white-background-color has-background-dim-60 has-background-dim\"><\/span><img loading=\"lazy\" decoding=\"async\" width=\"1000\" height=\"724\" class=\"wp-block-cover__image-background wp-image-358\" alt=\"\" src=\"http:\/\/combiastyvideo.pl\/wp-content\/uploads\/2023\/06\/1000_F_337300391_GdrlafxOUaetNcUKGpyXodpC9X1BFvzM-1.jpg\" style=\"object-position:100% 43%\" data-object-fit=\"cover\" data-object-position=\"100% 43%\" srcset=\"https:\/\/combiastyvideo.pl\/wp-content\/uploads\/2023\/06\/1000_F_337300391_GdrlafxOUaetNcUKGpyXodpC9X1BFvzM-1.jpg 1000w, https:\/\/combiastyvideo.pl\/wp-content\/uploads\/2023\/06\/1000_F_337300391_GdrlafxOUaetNcUKGpyXodpC9X1BFvzM-1-300x217.jpg 300w, https:\/\/combiastyvideo.pl\/wp-content\/uploads\/2023\/06\/1000_F_337300391_GdrlafxOUaetNcUKGpyXodpC9X1BFvzM-1-768x556.jpg 768w\" sizes=\"auto, (max-width: 1000px) 100vw, 1000px\" \/><div class=\"wp-block-cover__inner-container is-layout-flow wp-block-cover-is-layout-flow\">\n<blockquote class=\"wp-block-quote is-layout-flow wp-block-quote-is-layout-flow\">\n<figure class=\"wp-block-pullquote has-black-color has-text-color has-medium-font-size\" style=\"border-width:21px\"><blockquote><p><strong>Kiedy rozpocz\u0119\u0142a si\u0119 nasza przygoda z fotografi\u0105?<br>Fotografia na pocz\u0105tku by\u0142a nasz\u0105 pasj\u0105 kt\u00f3ra zacz\u0119\u0142a si\u0119 w 2013 roku &#8222;wycykali\u015bmy&#8221; setki tysi\u0119cy zdj\u0119\u0107, zmieniali\u015bmy sprz\u0119t na coraz bardziej profesjonalny tak aby w 2020roku zacz\u0105\u0107 zajmowa\u0107 si\u0119 tym komercyjnie. Od tego czasu na naszym ko\u0144cie mamy oko\u0142o p\u00f3\u0142 miliona zrobionych zdj\u0119\u0107 nie tylko w bran\u017cy \u015blubnej, a te\u017c reklam, teledysk\u00f3w video, spot\u00f3w, relacji z imprez sportowych i kulturalnych. Na chwil\u0119 obecn\u0105 stale wsp\u00f3\u0142pracujemy z kilkoma du\u017cymi organizacjami sportowymi i eventowymi , co mo\u017cna zobaczy\u0107 na stronie internetowej<\/strong><\/p><\/blockquote><\/figure>\n<\/blockquote>\n\n\n\n<figure class=\"wp-block-pullquote\" style=\"border-width:21px\"><blockquote><p><strong>Pracujemy na topowym profesjonalnym sprz\u0119cie znanych i cenionych producent\u00f3w: SONY ( 2x A7IV, A7s3) , DJI (Mavic Mavic 3 Clasic, Ronin, Osmo Action ) , RODE, DJI MIC, Boya(Mikrofony Mikroporty) , GoPro ( 10 ), TASCAM ( rejstrator ) Posiadamy szeroki asortyment szkie\u0142 o ka\u017cdej potrzebnej ogniskowej (SONY SIGMA TAMRON VILTROX CARL ZEISS)<\/strong><\/p><\/blockquote><\/figure>\n\n\n<div class=\"wp-block-image\">\n<figure class=\"aligncenter size-large\"><img loading=\"lazy\" decoding=\"async\" width=\"955\" height=\"1024\" src=\"https:\/\/combiastyvideo.pl\/wp-content\/uploads\/2023\/09\/DJI_0224-955x1024.jpg\" alt=\"\" class=\"wp-image-624\" srcset=\"https:\/\/combiastyvideo.pl\/wp-content\/uploads\/2023\/09\/DJI_0224-955x1024.jpg 955w, https:\/\/combiastyvideo.pl\/wp-content\/uploads\/2023\/09\/DJI_0224-280x300.jpg 280w, https:\/\/combiastyvideo.pl\/wp-content\/uploads\/2023\/09\/DJI_0224-768x823.jpg 768w, https:\/\/combiastyvideo.pl\/wp-content\/uploads\/2023\/09\/DJI_0224-1433x1536.jpg 1433w, https:\/\/combiastyvideo.pl\/wp-content\/uploads\/2023\/09\/DJI_0224-1910x2048.jpg 1910w, https:\/\/combiastyvideo.pl\/wp-content\/uploads\/2023\/09\/DJI_0224-1024x1098.jpg 1024w, https:\/\/combiastyvideo.pl\/wp-content\/uploads\/2023\/09\/DJI_0224-1007x1080.jpg 1007w\" sizes=\"auto, (max-width: 955px) 100vw, 955px\" \/><\/figure><\/div><\/div><\/div>\n\n\n\n<div class=\"wp-block-cover is-light\" style=\"min-height:1079px;aspect-ratio:unset;\"><span aria-hidden=\"true\" class=\"wp-block-cover__background has-white-background-color has-background-dim-60 has-background-dim\"><\/span><img loading=\"lazy\" decoding=\"async\" width=\"1000\" height=\"724\" class=\"wp-block-cover__image-background wp-image-358\" alt=\"\" src=\"http:\/\/combiastyvideo.pl\/wp-content\/uploads\/2023\/06\/1000_F_337300391_GdrlafxOUaetNcUKGpyXodpC9X1BFvzM-1.jpg\" data-object-fit=\"cover\" srcset=\"https:\/\/combiastyvideo.pl\/wp-content\/uploads\/2023\/06\/1000_F_337300391_GdrlafxOUaetNcUKGpyXodpC9X1BFvzM-1.jpg 1000w, https:\/\/combiastyvideo.pl\/wp-content\/uploads\/2023\/06\/1000_F_337300391_GdrlafxOUaetNcUKGpyXodpC9X1BFvzM-1-300x217.jpg 300w, https:\/\/combiastyvideo.pl\/wp-content\/uploads\/2023\/06\/1000_F_337300391_GdrlafxOUaetNcUKGpyXodpC9X1BFvzM-1-768x556.jpg 768w\" sizes=\"auto, (max-width: 1000px) 100vw, 1000px\" \/><div class=\"wp-block-cover__inner-container is-layout-flow wp-block-cover-is-layout-flow\"><div class=\"wp-block-image\">\n<figure class=\"aligncenter size-large\"><img loading=\"lazy\" decoding=\"async\" width=\"1024\" height=\"683\" src=\"http:\/\/combiastyvideo.pl\/wp-content\/uploads\/2023\/06\/DSC08006-1024x683.jpg\" alt=\"\" class=\"wp-image-307\" srcset=\"https:\/\/combiastyvideo.pl\/wp-content\/uploads\/2023\/06\/DSC08006-1024x683.jpg 1024w, https:\/\/combiastyvideo.pl\/wp-content\/uploads\/2023\/06\/DSC08006-300x200.jpg 300w, https:\/\/combiastyvideo.pl\/wp-content\/uploads\/2023\/06\/DSC08006-768x512.jpg 768w, https:\/\/combiastyvideo.pl\/wp-content\/uploads\/2023\/06\/DSC08006-1536x1024.jpg 1536w, https:\/\/combiastyvideo.pl\/wp-content\/uploads\/2023\/06\/DSC08006-2048x1365.jpg 2048w, https:\/\/combiastyvideo.pl\/wp-content\/uploads\/2023\/06\/DSC08006-1620x1080.jpg 1620w\" sizes=\"auto, (max-width: 1024px) 100vw, 1024px\" \/><\/figure><\/div>\n\n\n<figure class=\"wp-block-image size-large\"><img loading=\"lazy\" decoding=\"async\" width=\"1024\" height=\"683\" src=\"http:\/\/combiastyvideo.pl\/wp-content\/uploads\/2023\/11\/DSC04633-1024x683.jpg\" alt=\"\" class=\"wp-image-673\" srcset=\"https:\/\/combiastyvideo.pl\/wp-content\/uploads\/2023\/11\/DSC04633-1024x683.jpg 1024w, https:\/\/combiastyvideo.pl\/wp-content\/uploads\/2023\/11\/DSC04633-300x200.jpg 300w, https:\/\/combiastyvideo.pl\/wp-content\/uploads\/2023\/11\/DSC04633-768x512.jpg 768w, https:\/\/combiastyvideo.pl\/wp-content\/uploads\/2023\/11\/DSC04633-1536x1024.jpg 1536w, https:\/\/combiastyvideo.pl\/wp-content\/uploads\/2023\/11\/DSC04633-2048x1365.jpg 2048w, https:\/\/combiastyvideo.pl\/wp-content\/uploads\/2023\/11\/DSC04633-1620x1080.jpg 1620w\" sizes=\"auto, (max-width: 1024px) 100vw, 1024px\" \/><\/figure>\n\n\n\n<figure class=\"wp-block-image size-large\"><img loading=\"lazy\" decoding=\"async\" width=\"1024\" height=\"683\" src=\"https:\/\/combiastyvideo.pl\/wp-content\/uploads\/2024\/07\/DSC00015-1024x683.jpg\" alt=\"\" class=\"wp-image-770\" srcset=\"https:\/\/combiastyvideo.pl\/wp-content\/uploads\/2024\/07\/DSC00015-1024x683.jpg 1024w, https:\/\/combiastyvideo.pl\/wp-content\/uploads\/2024\/07\/DSC00015-300x200.jpg 300w, https:\/\/combiastyvideo.pl\/wp-content\/uploads\/2024\/07\/DSC00015-768x512.jpg 768w, https:\/\/combiastyvideo.pl\/wp-content\/uploads\/2024\/07\/DSC00015-1536x1024.jpg 1536w, https:\/\/combiastyvideo.pl\/wp-content\/uploads\/2024\/07\/DSC00015-2048x1365.jpg 2048w, https:\/\/combiastyvideo.pl\/wp-content\/uploads\/2024\/07\/DSC00015-1620x1080.jpg 1620w\" sizes=\"auto, (max-width: 1024px) 100vw, 1024px\" \/><\/figure>\n\n\n\n<p class=\"has-text-align-center has-x-large-font-size\"><strong>Zapraszam do wykonanych prac<\/strong><\/p>\n\n\n<div class=\"wp-block-image\">\n<figure class=\"aligncenter size-full\"><a href=\"https:\/\/combiastyvideo.pl\/index.php\/galeria-slubna\/\"><img loading=\"lazy\" decoding=\"async\" width=\"785\" height=\"318\" src=\"https:\/\/combiastyvideo.pl\/wp-content\/uploads\/2023\/06\/111-1112824_picture-my-portfolio-logo-png-removebg-preview.png\" alt=\"\" class=\"wp-image-366\" srcset=\"https:\/\/combiastyvideo.pl\/wp-content\/uploads\/2023\/06\/111-1112824_picture-my-portfolio-logo-png-removebg-preview.png 785w, https:\/\/combiastyvideo.pl\/wp-content\/uploads\/2023\/06\/111-1112824_picture-my-portfolio-logo-png-removebg-preview-300x122.png 300w, https:\/\/combiastyvideo.pl\/wp-content\/uploads\/2023\/06\/111-1112824_picture-my-portfolio-logo-png-removebg-preview-768x311.png 768w\" sizes=\"auto, (max-width: 785px) 100vw, 785px\" \/><\/a><\/figure><\/div><\/div><\/div>\n\n\n\n<div class=\"wp-block-cover is-light\" style=\"min-height:788px;aspect-ratio:unset;\"><span aria-hidden=\"true\" class=\"wp-block-cover__background has-white-background-color has-background-dim-60 has-background-dim\"><\/span><img loading=\"lazy\" decoding=\"async\" width=\"1000\" height=\"724\" class=\"wp-block-cover__image-background wp-image-358\" alt=\"\" src=\"http:\/\/combiastyvideo.pl\/wp-content\/uploads\/2023\/06\/1000_F_337300391_GdrlafxOUaetNcUKGpyXodpC9X1BFvzM-1.jpg\" data-object-fit=\"cover\" srcset=\"https:\/\/combiastyvideo.pl\/wp-content\/uploads\/2023\/06\/1000_F_337300391_GdrlafxOUaetNcUKGpyXodpC9X1BFvzM-1.jpg 1000w, https:\/\/combiastyvideo.pl\/wp-content\/uploads\/2023\/06\/1000_F_337300391_GdrlafxOUaetNcUKGpyXodpC9X1BFvzM-1-300x217.jpg 300w, https:\/\/combiastyvideo.pl\/wp-content\/uploads\/2023\/06\/1000_F_337300391_GdrlafxOUaetNcUKGpyXodpC9X1BFvzM-1-768x556.jpg 768w\" sizes=\"auto, (max-width: 1000px) 100vw, 1000px\" \/><div class=\"wp-block-cover__inner-container is-layout-flow wp-block-cover-is-layout-flow\">\n<p class=\"has-text-align-center has-large-font-size\"><strong>Teledyski \u015alubne<\/strong><\/p>\n\n\n\n<figure class=\"wp-block-embed is-type-video is-provider-youtube wp-block-embed-youtube wp-embed-aspect-16-9 wp-has-aspect-ratio\"><div class=\"wp-block-embed__wrapper\">\n<div class='embed-container'><iframe loading=\"lazy\" title=\"Beata Jakub Teledysk 4K\" width=\"1920\" height=\"1080\" src=\"https:\/\/www.youtube.com\/embed\/LaHHz1-4mdo?feature=oembed\" frameborder=\"0\" allow=\"accelerometer; autoplay; clipboard-write; encrypted-media; gyroscope; picture-in-picture; web-share\" referrerpolicy=\"strict-origin-when-cross-origin\" allowfullscreen><\/iframe><\/div>\n<\/div><\/figure>\n\n\n\n<figure class=\"wp-block-embed is-type-video is-provider-youtube wp-block-embed-youtube wp-embed-aspect-16-9 wp-has-aspect-ratio\"><div class=\"wp-block-embed__wrapper\">\n<div class='embed-container'><iframe loading=\"lazy\" title=\"mafia\" width=\"1920\" height=\"1080\" src=\"https:\/\/www.youtube.com\/embed\/idOKretmO7M?feature=oembed\" frameborder=\"0\" allow=\"accelerometer; autoplay; clipboard-write; encrypted-media; gyroscope; picture-in-picture; web-share\" referrerpolicy=\"strict-origin-when-cross-origin\" allowfullscreen><\/iframe><\/div>\n<\/div><\/figure>\n\n\n\n<figure class=\"wp-block-embed is-type-video is-provider-youtube wp-block-embed-youtube wp-embed-aspect-16-9 wp-has-aspect-ratio\"><div class=\"wp-block-embed__wrapper\">\n<div class='embed-container'><iframe loading=\"lazy\" title=\"Daria Bart\u0142omiej Teledysk\" width=\"1920\" height=\"1080\" src=\"https:\/\/www.youtube.com\/embed\/B35A99NMczA?feature=oembed\" frameborder=\"0\" allow=\"accelerometer; autoplay; clipboard-write; encrypted-media; gyroscope; picture-in-picture; web-share\" referrerpolicy=\"strict-origin-when-cross-origin\" allowfullscreen><\/iframe><\/div>\n<\/div><\/figure>\n\n\n\n<figure class=\"wp-block-embed is-type-video is-provider-youtube wp-block-embed-youtube wp-embed-aspect-16-9 wp-has-aspect-ratio\"><div class=\"wp-block-embed__wrapper\">\n<div class='embed-container'><iframe loading=\"lazy\" title=\"Kinga Mateusz Nosek Trailer \u015alubny\" width=\"1920\" height=\"1080\" src=\"https:\/\/www.youtube.com\/embed\/c-qnRFmrWqY?feature=oembed\" frameborder=\"0\" allow=\"accelerometer; autoplay; clipboard-write; encrypted-media; gyroscope; picture-in-picture; web-share\" referrerpolicy=\"strict-origin-when-cross-origin\" allowfullscreen><\/iframe><\/div>\n<\/div><\/figure>\n\n\n\n<figure class=\"wp-block-embed is-type-video is-provider-youtube wp-block-embed-youtube wp-embed-aspect-16-9 wp-has-aspect-ratio\"><div class=\"wp-block-embed__wrapper\">\n<div class='embed-container'><iframe loading=\"lazy\" title=\"Katarzyna Piotr Kedzierzyn Teledsyk\" width=\"1920\" height=\"1080\" src=\"https:\/\/www.youtube.com\/embed\/Lyi5ZK88dRA?feature=oembed\" frameborder=\"0\" allow=\"accelerometer; autoplay; clipboard-write; encrypted-media; gyroscope; picture-in-picture; web-share\" referrerpolicy=\"strict-origin-when-cross-origin\" allowfullscreen><\/iframe><\/div>\n<\/div><\/figure>\n\n\n\n<figure class=\"wp-block-embed is-type-video is-provider-youtube wp-block-embed-youtube wp-embed-aspect-16-9 wp-has-aspect-ratio\"><div class=\"wp-block-embed__wrapper\">\n<div class='embed-container'><iframe loading=\"lazy\" title=\"Film \u015alubny Piekary \u015al\u0105skie - PROMO\" width=\"1920\" height=\"1080\" src=\"https:\/\/www.youtube.com\/embed\/JoqtkFs5gqU?feature=oembed\" frameborder=\"0\" allow=\"accelerometer; autoplay; clipboard-write; encrypted-media; gyroscope; picture-in-picture; web-share\" referrerpolicy=\"strict-origin-when-cross-origin\" allowfullscreen><\/iframe><\/div>\n<\/div><\/figure>\n\n\n\n<figure class=\"wp-block-embed is-type-video is-provider-youtube wp-block-embed-youtube wp-embed-aspect-16-9 wp-has-aspect-ratio\"><div class=\"wp-block-embed__wrapper\">\n<div class='embed-container'><iframe loading=\"lazy\" title=\"Nowoczesny Teledysk \u015alubny Piekary \u015al\u0105skie\" width=\"1920\" height=\"1080\" src=\"https:\/\/www.youtube.com\/embed\/AAQTVFyD8Oc?feature=oembed\" frameborder=\"0\" allow=\"accelerometer; autoplay; clipboard-write; encrypted-media; gyroscope; picture-in-picture; web-share\" referrerpolicy=\"strict-origin-when-cross-origin\" allowfullscreen><\/iframe><\/div>\n<\/div><\/figure>\n\n\n\n<figure class=\"wp-block-embed is-type-video is-provider-youtube wp-block-embed-youtube wp-embed-aspect-16-9 wp-has-aspect-ratio\"><div class=\"wp-block-embed__wrapper\">\n<div class='embed-container'><iframe loading=\"lazy\" title=\"Teledysk \u015alubny Siemianowice\" width=\"1920\" height=\"1080\" src=\"https:\/\/www.youtube.com\/embed\/jXAfa4mu0rk?feature=oembed\" frameborder=\"0\" allow=\"accelerometer; autoplay; clipboard-write; encrypted-media; gyroscope; picture-in-picture; web-share\" referrerpolicy=\"strict-origin-when-cross-origin\" allowfullscreen><\/iframe><\/div>\n<\/div><\/figure>\n\n\n\n<figure class=\"wp-block-embed is-type-video is-provider-youtube wp-block-embed-youtube wp-embed-aspect-16-9 wp-has-aspect-ratio\"><div class=\"wp-block-embed__wrapper\">\n<div class='embed-container'><iframe loading=\"lazy\" title=\"Dominika i Kamil Teledysk \u015alubny\" width=\"1920\" height=\"1080\" src=\"https:\/\/www.youtube.com\/embed\/OLgJl4IioNE?feature=oembed\" frameborder=\"0\" allow=\"accelerometer; autoplay; clipboard-write; encrypted-media; gyroscope; picture-in-picture; web-share\" referrerpolicy=\"strict-origin-when-cross-origin\" allowfullscreen><\/iframe><\/div>\n<\/div><\/figure>\n\n\n\n<figure class=\"wp-block-embed is-type-video is-provider-youtube wp-block-embed-youtube wp-embed-aspect-16-9 wp-has-aspect-ratio\"><div class=\"wp-block-embed__wrapper\">\n<div class='embed-container'><iframe loading=\"lazy\" title=\"Teledysk \u015alubny Siemianowice \u015al\u0105skie Promo\" width=\"1920\" height=\"1080\" src=\"https:\/\/www.youtube.com\/embed\/eeJl_Ftk6LA?feature=oembed\" frameborder=\"0\" allow=\"accelerometer; autoplay; clipboard-write; encrypted-media; gyroscope; picture-in-picture; web-share\" referrerpolicy=\"strict-origin-when-cross-origin\" allowfullscreen><\/iframe><\/div>\n<\/div><\/figure>\n\n\n\n<figure class=\"wp-block-embed is-type-video is-provider-youtube wp-block-embed-youtube wp-embed-aspect-16-9 wp-has-aspect-ratio\"><div class=\"wp-block-embed__wrapper\">\n<div class='embed-container'><iframe loading=\"lazy\" title=\"Patrycja \u0141ukasz Teledysk \u015alubny\" width=\"1920\" height=\"1080\" src=\"https:\/\/www.youtube.com\/embed\/lIsCr6Vw8Rs?feature=oembed\" frameborder=\"0\" allow=\"accelerometer; autoplay; clipboard-write; encrypted-media; gyroscope; picture-in-picture; web-share\" referrerpolicy=\"strict-origin-when-cross-origin\" allowfullscreen><\/iframe><\/div>\n<\/div><\/figure>\n\n\n\n<figure class=\"wp-block-embed is-type-video is-provider-youtube wp-block-embed-youtube wp-embed-aspect-16-9 wp-has-aspect-ratio\"><div class=\"wp-block-embed__wrapper\">\n<div class='embed-container'><iframe loading=\"lazy\" title=\"Asia Maciek Teledysk 4K\" width=\"1920\" height=\"1080\" src=\"https:\/\/www.youtube.com\/embed\/mOyvYtTe0r0?feature=oembed\" frameborder=\"0\" allow=\"accelerometer; autoplay; clipboard-write; encrypted-media; gyroscope; picture-in-picture; web-share\" referrerpolicy=\"strict-origin-when-cross-origin\" allowfullscreen><\/iframe><\/div>\n<\/div><\/figure>\n\n\n\n<figure class=\"wp-block-embed is-type-video is-provider-youtube wp-block-embed-youtube wp-embed-aspect-16-9 wp-has-aspect-ratio\"><div class=\"wp-block-embed__wrapper\">\n<div class='embed-container'><iframe loading=\"lazy\" title=\"Gabrysia Krzysiek Teledysk \u015alubny\" width=\"1920\" height=\"1080\" src=\"https:\/\/www.youtube.com\/embed\/UOxWO0bGhrs?feature=oembed\" frameborder=\"0\" allow=\"accelerometer; autoplay; clipboard-write; encrypted-media; gyroscope; picture-in-picture; web-share\" referrerpolicy=\"strict-origin-when-cross-origin\" allowfullscreen><\/iframe><\/div>\n<\/div><\/figure>\n\n\n\n<figure class=\"wp-block-embed is-type-video is-provider-youtube wp-block-embed-youtube wp-embed-aspect-16-9 wp-has-aspect-ratio\"><div class=\"wp-block-embed__wrapper\">\n<div class='embed-container'><iframe loading=\"lazy\" title=\"Kasia Luis Teledysk \u015alubny\" width=\"1920\" height=\"1080\" src=\"https:\/\/www.youtube.com\/embed\/qRjVouBB3Lk?feature=oembed\" frameborder=\"0\" allow=\"accelerometer; autoplay; clipboard-write; encrypted-media; gyroscope; picture-in-picture; web-share\" referrerpolicy=\"strict-origin-when-cross-origin\" allowfullscreen><\/iframe><\/div>\n<\/div><\/figure>\n\n\n\n<figure class=\"wp-block-embed is-type-video is-provider-youtube wp-block-embed-youtube wp-embed-aspect-16-9 wp-has-aspect-ratio\"><div class=\"wp-block-embed__wrapper\">\n<div class='embed-container'><iframe loading=\"lazy\" title=\"Karolina Marek Teledysk \u015alubny\" width=\"1920\" height=\"1080\" src=\"https:\/\/www.youtube.com\/embed\/q5ECaXzm__w?feature=oembed\" frameborder=\"0\" allow=\"accelerometer; autoplay; clipboard-write; encrypted-media; gyroscope; picture-in-picture; web-share\" referrerpolicy=\"strict-origin-when-cross-origin\" allowfullscreen><\/iframe><\/div>\n<\/div><\/figure>\n<\/div><\/div>\n","protected":false},"excerpt":{"rendered":"","protected":false},"author":1,"featured_media":104,"parent":0,"menu_order":0,"comment_status":"closed","ping_status":"closed","template":"","meta":{"footnotes":""},"class_list":["post-125","page","type-page","status-publish","has-post-thumbnail","hentry"],"_links":{"self":[{"href":"https:\/\/combiastyvideo.pl\/index.php\/wp-json\/wp\/v2\/pages\/125","targetHints":{"allow":["GET"]}}],"collection":[{"href":"https:\/\/combiastyvideo.pl\/index.php\/wp-json\/wp\/v2\/pages"}],"about":[{"href":"https:\/\/combiastyvideo.pl\/index.php\/wp-json\/wp\/v2\/types\/page"}],"author":[{"embeddable":true,"href":"https:\/\/combiastyvideo.pl\/index.php\/wp-json\/wp\/v2\/users\/1"}],"replies":[{"embeddable":true,"href":"https:\/\/combiastyvideo.pl\/index.php\/wp-json\/wp\/v2\/comments?post=125"}],"version-history":[{"count":19,"href":"https:\/\/combiastyvideo.pl\/index.php\/wp-json\/wp\/v2\/pages\/125\/revisions"}],"predecessor-version":[{"id":878,"href":"https:\/\/combiastyvideo.pl\/index.php\/wp-json\/wp\/v2\/pages\/125\/revisions\/878"}],"wp:featuredmedia":[{"embeddable":true,"href":"https:\/\/combiastyvideo.pl\/index.php\/wp-json\/wp\/v2\/media\/104"}],"wp:attachment":[{"href":"https:\/\/combiastyvideo.pl\/index.php\/wp-json\/wp\/v2\/media?parent=125"}],"curies":[{"name":"wp","href":"https:\/\/api.w.org\/{rel}","templated":true}]}}